{"id":414,"date":"2020-04-29T09:08:30","date_gmt":"2020-04-29T09:08:30","guid":{"rendered":"https:\/\/www.bsds.hr\/?page_id=414"},"modified":"2022-12-05T14:41:52","modified_gmt":"2022-12-05T13:41:52","slug":"kontakt","status":"publish","type":"page","link":"https:\/\/www.bsds.hr\/en\/kontakt\/","title":{"rendered":"Kontakt"},"content":{"rendered":"<div class=\"wpb-content-wrapper\"><p>[vc_row row_padding=&#8221;xt-padding-xlarge&#8221; row_reverse=&#8221;xt-reverse-row&#8221;][vc_column width=&#8221;2\/3&#8243;][vc_gmaps link=&#8221;#E-8_JTNDaWZyYW1lJTIwc3JjJTNEJTIyaHR0cHMlM0ElMkYlMkZ3d3cuZ29vZ2xlLmNvbSUyRm1hcHMlMkZlbWJlZCUzRnBiJTNEJTIxMW0xOCUyMTFtMTIlMjExbTMlMjExZDI3ODEuMDg3NzIyNzkxMTcyJTIxMmQxNS45NzIyNDI4NTE1OTI0NTclMjEzZDQ1LjgwOTUwMTUxODI1MzY5JTIxMm0zJTIxMWYwJTIxMmYwJTIxM2YwJTIxM20yJTIxMWkxMDI0JTIxMmk3NjglMjE0ZjEzLjElMjEzbTMlMjExbTIlMjExczB4NDc2NWQ2ZmI4YzQ3Y2FkZiUyNTNBMHhhYThkOTUzNWZlYWM1ZmJlJTIxMnNQcmVyYWRvdmklMjVDNCUyNTg3ZXZhJTI1MjB1bC4lMjUyMDI0JTI1MkMlMjUyMDEwMDAwJTI1MkMlMjUyMFphZ3JlYiUyMTVlMCUyMTNtMiUyMTFzZW4lMjEyc2hyJTIxNHYxNTg4MDY2NDc4MjY0JTIxNW0yJTIxMXNlbiUyMTJzaHIlMjIlMjB3aWR0aCUzRCUyMjYwMCUyMiUyMGhlaWdodCUzRCUyMjQ1MCUyMiUyMGZyYW1lYm9yZGVyJTNEJTIyMCUyMiUyMHN0eWxlJTNEJTIyYm9yZGVyJTNBMCUzQiUyMiUyMGFsbG93ZnVsbHNjcmVlbiUzRCUyMiUyMiUyMGFyaWEtaGlkZGVuJTNEJTIyZmFsc2UlMjIlMjB0YWJpbmRleCUzRCUyMjAlMjIlM0UlM0MlMkZpZnJhbWUlM0U=&#8221; size=&#8221;300&#8243; el_class=&#8221;xt-mobile-overflow&#8221;][vc_empty_space height=&#8221;40px&#8221;][\/vc_column][vc_column width=&#8221;1\/3&#8243;][vc_column_text]<\/p>\n<h1 class=\"p1\">Contact<\/h1>\n<p>[\/vc_column_text][vc_empty_space height=&#8221;15px&#8221;][vc_column_text]Law firm \u0160kurla, Durmi\u0161 &amp; Spaji\u0107<br \/>\nPreradovi\u0107eva 24\/1st floor<br \/>\n10000 Zagreb<br \/>\nCroatia<\/p>\n<p><strong>T<\/strong> +385 (0)1 48 54 094<br \/>\n<strong>F<\/strong> +385 (0)1 48 54 372<br \/>\n<strong>E<\/strong> <a href=\"mailto:info@bsds.hr\">info@bsds.hr<\/a>[\/vc_column_text][\/vc_column][\/vc_row][vc_row row_padding=&#8221;xt-padding-initial&#8221; css=&#8221;.vc_custom_1588066896877{padding-top: 20px !important;padding-bottom: 60px !important;}&#8221;][vc_column width=&#8221;1\/3&#8243;][vc_single_image image=&#8221;334&#8243; img_size=&#8221;full&#8221; alignment=&#8221;center&#8221;][vc_empty_space height=&#8221;40px&#8221;][\/vc_column][vc_column width=&#8221;1\/3&#8243;][vc_single_image image=&#8221;338&#8243; img_size=&#8221;full&#8221; alignment=&#8221;center&#8221;][vc_empty_space height=&#8221;40px&#8221;][\/vc_column][vc_column width=&#8221;1\/3&#8243;][vc_single_image image=&#8221;336&#8243; img_size=&#8221;full&#8221; alignment=&#8221;center&#8221;][vc_empty_space height=&#8221;40px&#8221;][\/vc_column][\/vc_row]<\/p>\n<\/div>","protected":false},"excerpt":{"rendered":"<p>[vc_row row_padding=&#8221;xt-padding-xlarge&#8221; row_reverse=&#8221;xt-reverse-row&#8221;][vc_column width=&#8221;2\/3&#8243;][vc_gmaps link=&#8221;#E-8_JTNDaWZyYW1lJTIwc3JjJTNEJTIyaHR0cHMlM0ElMkYlMkZ3d3cuZ29vZ2xlLmNvbSUyRm1hcHMlMkZlbWJlZCUzRnBiJTNEJTIxMW0xOCUyMTFtMTIlMjExbTMlMjExZDI3ODEuMDg3NzIyNzkxMTcyJTIxMmQxNS45NzIyNDI4NTE1OTI0NTclMjEzZDQ1LjgwOTUwMTUxODI1MzY5JTIxMm0zJTIxMWYwJTIxMmYwJTIxM2YwJTIxM20yJTIxMWkxMDI0JTIxMmk3NjglMjE0ZjEzLjElMjEzbTMlMjExbTIlMjExczB4NDc2NWQ2ZmI4YzQ3Y2FkZiUyNTNBMHhhYThkOTUzNWZlYWM1ZmJlJTIxMnNQcmVyYWRvdmklMjVDNCUyNTg3ZXZhJTI1MjB1bC4lMjUyMDI0JTI1MkMlMjUyMDEwMDAwJTI1MkMlMjUyMFphZ3JlYiUyMTVlMCUyMTNtMiUyMTFzZW4lMjEyc2hyJTIxNHYxNTg4MDY2NDc4MjY0JTIxNW0yJTIxMXNlbiUyMTJzaHIlMjIlMjB3aWR0aCUzRCUyMjYwMCUyMiUyMGhlaWdodCUzRCUyMjQ1MCUyMiUyMGZyYW1lYm9yZGVyJTNEJTIyMCUyMiUyMHN0eWxlJTNEJTIyYm9yZGVyJTNBMCUzQiUyMiUyMGFsbG93ZnVsbHNjcmVlbiUzRCUyMiUyMiUyMGFyaWEtaGlkZGVuJTNEJTIyZmFsc2UlMjIlMjB0YWJpbmRleCUzRCUyMjAlMjIlM0UlM0MlMkZpZnJhbWUlM0U=&#8221; size=&#8221;300&#8243; el_class=&#8221;xt-mobile-overflow&#8221;][vc_empty_space height=&#8221;40px&#8221;][\/vc_column][vc_column width=&#8221;1\/3&#8243;][vc_column_text] Contact [\/vc_column_text][vc_empty_space height=&#8221;15px&#8221;][vc_column_text]Law firm \u0160kurla, Durmi\u0161 &amp; Spaji\u0107 Preradovi\u0107eva 24\/1st floor 10000 Zagreb Croatia T +385 (0)1 48 54 094 F +385 (0)1 48 54 372 E info@bsds.hr[\/vc_column_text][\/vc_column][\/vc_row][vc_row row_padding=&#8221;xt-padding-initial&#8221; css=&#8221;.vc_custom_1588066896877{padding-top: 20px !important;padding-bottom: 60px !important;}&#8221;][vc_column width=&#8221;1\/3&#8243;][vc_single_image image=&#8221;334&#8243; img_size=&#8221;full&#8221; alignment=&#8221;center&#8221;][vc_empty_space height=&#8221;40px&#8221;][\/vc_column][vc_column width=&#8221;1\/3&#8243;][vc_single_image image=&#8221;338&#8243; img_size=&#8221;full&#8221; alignment=&#8221;center&#8221;][vc_empty_space height=&#8221;40px&#8221;][\/vc_column][vc_column width=&#8221;1\/3&#8243;][vc_single_image image=&#8221;336&#8243; img_size=&#8221;full&#8221; alignment=&#8221;center&#8221;][vc_empty_space height=&#8221;40px&#8221;][\/vc_column][\/vc_row]<\/p>\n","protected":false},"author":1,"featured_media":0,"parent":0,"menu_order":0,"comment_status":"closed","ping_status":"closed","template":"","meta":{"_acf_changed":false,"inline_featured_image":false,"footnotes":""},"class_list":["post-414","page","type-page","status-publish","hentry","xt-post"],"acf":[],"_links":{"self":[{"href":"https:\/\/www.bsds.hr\/en\/wp-json\/wp\/v2\/pages\/414","targetHints":{"allow":["GET"]}}],"collection":[{"href":"https:\/\/www.bsds.hr\/en\/wp-json\/wp\/v2\/pages"}],"about":[{"href":"https:\/\/www.bsds.hr\/en\/wp-json\/wp\/v2\/types\/page"}],"author":[{"embeddable":true,"href":"https:\/\/www.bsds.hr\/en\/wp-json\/wp\/v2\/users\/1"}],"replies":[{"embeddable":true,"href":"https:\/\/www.bsds.hr\/en\/wp-json\/wp\/v2\/comments?post=414"}],"version-history":[{"count":6,"href":"https:\/\/www.bsds.hr\/en\/wp-json\/wp\/v2\/pages\/414\/revisions"}],"predecessor-version":[{"id":1665,"href":"https:\/\/www.bsds.hr\/en\/wp-json\/wp\/v2\/pages\/414\/revisions\/1665"}],"wp:attachment":[{"href":"https:\/\/www.bsds.hr\/en\/wp-json\/wp\/v2\/media?parent=414"}],"curies":[{"name":"wp","href":"https:\/\/api.w.org\/{rel}","templated":true}]}}