{"id":385,"date":"2020-04-29T06:37:06","date_gmt":"2020-04-29T06:37:06","guid":{"rendered":"https:\/\/www.bsds.hr\/?page_id=385"},"modified":"2022-12-06T07:39:28","modified_gmt":"2022-12-06T06:39:28","slug":"naslovnica","status":"publish","type":"page","link":"https:\/\/www.bsds.hr\/en\/","title":{"rendered":"Naslovnica"},"content":{"rendered":"<div class=\"wpb-content-wrapper\"><p>[vc_row row_padding=&#8221;xt-padding-initial&#8221; full_height=&#8221;yes&#8221; css=&#8221;.vc_custom_1589354428747{background-image: url(https:\/\/www.bsds.hr\/wp-content\/uploads\/2020\/04\/home-banner-1.jpg?id=55) !important;background-position: center !important;background-repeat: no-repeat !important;background-size: cover !important;}&#8221; el_class=&#8221;xt-banner mobile-hide&#8221;][vc_column][vc_column_text]<img decoding=\"async\" class=\"aligncenter size-medium wp-image-45\" src=\"https:\/\/www.bsds.hr\/wp-content\/uploads\/\/2020\/04\/intro.svg\" alt=\"\" width=\"900\" \/>[\/vc_column_text][vc_column_text el_class=&#8221;xt-scroll mobile-hide&#8221;]<a href=\"#scroll\"><img decoding=\"async\" class=\"aligncenter size-medium wp-image-58\" src=\"https:\/\/www.bsds.hr\/wp-content\/uploads\/\/2020\/04\/down.svg\" alt=\"\" width=\"60\" \/><\/a>[\/vc_column_text][\/vc_column][\/vc_row][vc_row row_padding=&#8221;xt-padding-initial&#8221; full_height=&#8221;yes&#8221; css=&#8221;.vc_custom_1589354470187{background-image: url(https:\/\/www.bsds.hr\/wp-content\/uploads\/2020\/05\/mobile-bg.jpg?id=505) !important;background-position: center !important;background-repeat: no-repeat !important;background-size: cover !important;}&#8221; el_class=&#8221;xt-banner desktop-hide&#8221;][vc_column][vc_column_text]<img decoding=\"async\" class=\"aligncenter size-full wp-image-1135\" src=\"https:\/\/www.bsds.hr\/wp-content\/uploads\/2022\/12\/logo-home-mobile-en-2022-1.svg\" alt=\"\" \/>[\/vc_column_text][vc_column_text el_class=&#8221;xt-scroll mobile-hide&#8221;]<a href=\"#scroll\"><img decoding=\"async\" class=\"aligncenter size-medium wp-image-58\" src=\"https:\/\/www.bsds.hr\/wp-content\/uploads\/\/2020\/04\/down.svg\" alt=\"\" width=\"60\" \/><\/a>[\/vc_column_text][\/vc_column][\/vc_row][vc_row row_padding=&#8221;xt-padding-large&#8221; el_id=&#8221;scroll&#8221;][vc_column][vc_column_text el_class=&#8221;xt-large xt-hidden-small&#8221;]<\/p>\n<h1>WE PROVIDE OUR CLIENTS WITH <span class=\"s1\">LEGAL SUPPORT <\/span>OF THE HIGHEST <span class=\"s1\">PROFESSIONAL STANDARDS<\/span><\/h1>\n<p>[\/vc_column_text][\/vc_column][\/vc_row][vc_row row_padding=&#8221;xt-padding-initial&#8221; gap=&#8221;35&#8243; el_class=&#8221;home-about-row title-links&#8221;][vc_column width=&#8221;1\/3&#8243;][vc_single_image image=&#8221;70&#8243; img_size=&#8221;full&#8221; alignment=&#8221;center&#8221; onclick=&#8221;custom_link&#8221; css=&#8221;.vc_custom_1608301447384{padding-bottom: 40px !important;}&#8221; link=&#8221;https:\/\/www.bsds.hr\/en\/o-nama\/&#8221; el_class=&#8221;home-padding-bottom&#8221;][vc_column_text]<\/p>\n<h2 class=\"p1\"><a href=\"https:\/\/www.bsds.hr\/en\/o-nama\/\">About us<\/a><\/h2>\n<p>[\/vc_column_text][vc_empty_space height=&#8221;15px&#8221;][vc_column_text]Established in 2011. the Law firm of \u0160kurla, Durmi\u0161 &amp; Spaji\u0107 is one of Croatia\u2019s leading full-service law firms.[\/vc_column_text][vc_empty_space height=&#8221;15px&#8221;][vc_column_text]<\/p>\n<p class=\"p1\"><strong><a href=\"https:\/\/www.bsds.hr\/en\/o-nama\/\">MORE<\/a><\/strong><\/p>\n<p>[\/vc_column_text][vc_empty_space height=&#8221;50px&#8221;][\/vc_column][vc_column width=&#8221;1\/3&#8243;][vc_single_image image=&#8221;78&#8243; img_size=&#8221;full&#8221; alignment=&#8221;center&#8221; onclick=&#8221;custom_link&#8221; css=&#8221;.vc_custom_1608301466590{padding-bottom: 40px !important;}&#8221; link=&#8221;https:\/\/www.bsds.hr\/en\/usluge\/&#8221; el_class=&#8221;home-padding-bottom&#8221;][vc_column_text]<\/p>\n<h2 class=\"p1\"><a href=\"https:\/\/www.bsds.hr\/en\/usluge\/\">Our services<\/a><\/h2>\n<p>[\/vc_column_text][vc_empty_space height=&#8221;15px&#8221;][vc_column_text]Find out about the wide range of comprehensive services we offer our clients.[\/vc_column_text][vc_empty_space height=&#8221;15px&#8221;][vc_column_text]<\/p>\n<p class=\"p1\"><strong><a href=\"https:\/\/www.bsds.hr\/en\/usluge\/\">MORE<\/a><\/strong><\/p>\n<p>[\/vc_column_text][vc_empty_space height=&#8221;50px&#8221;][\/vc_column][vc_column width=&#8221;1\/3&#8243;][vc_single_image image=&#8221;80&#8243; img_size=&#8221;full&#8221; alignment=&#8221;center&#8221; onclick=&#8221;custom_link&#8221; css=&#8221;.vc_custom_1608301471685{padding-bottom: 40px !important;}&#8221; link=&#8221;https:\/\/www.bsds.hr\/en\/our-team\/&#8221; el_class=&#8221;home-padding-bottom&#8221;][vc_column_text]<\/p>\n<h2 class=\"p1\"><a href=\"https:\/\/www.bsds.hr\/en\/our-team\/\">Our team<\/a><\/h2>\n<p>[\/vc_column_text][vc_empty_space height=&#8221;15px&#8221;][vc_column_text]Meet our highly trained, experienced and commited legal team.[\/vc_column_text][vc_empty_space height=&#8221;15px&#8221;][vc_column_text]<\/p>\n<p class=\"p1\"><strong><a href=\"https:\/\/www.bsds.hr\/en\/our-team\/\">MORE<\/a><\/strong><\/p>\n<p>[\/vc_column_text][vc_empty_space height=&#8221;50px&#8221;][\/vc_column][\/vc_row][vc_row row_padding=&#8221;xt-padding-initial&#8221; css=&#8221;.vc_custom_1590573216412{padding-bottom: 30px !important;}&#8221; el_class=&#8221;title-links&#8221;][vc_column width=&#8221;1\/6&#8243;][\/vc_column][vc_column width=&#8221;1\/3&#8243;][vc_single_image image=&#8221;86&#8243; img_size=&#8221;full&#8221; alignment=&#8221;center&#8221; onclick=&#8221;custom_link&#8221; css=&#8221;.vc_custom_1608301481620{padding-bottom: 40px !important;}&#8221; link=&#8221;https:\/\/www.bsds.hr\/en\/news\/&#8221; el_class=&#8221;home-padding-bottom&#8221;][vc_column_text]<\/p>\n<h2 class=\"p1\"><a href=\"https:\/\/www.bsds.hr\/en\/news\/\">News<\/a><\/h2>\n<p>[\/vc_column_text][vc_empty_space height=&#8221;15px&#8221;][vc_column_text]A selection of articles that are of interest and relevance to our clients.[\/vc_column_text][vc_empty_space height=&#8221;15px&#8221;][vc_column_text]<\/p>\n<p class=\"p1\"><strong><a href=\"https:\/\/www.bsds.hr\/en\/news\/\">MORE<\/a><\/strong><\/p>\n<p>[\/vc_column_text][vc_empty_space height=&#8221;50px&#8221;][\/vc_column][vc_column width=&#8221;1\/3&#8243;][vc_single_image image=&#8221;88&#8243; img_size=&#8221;full&#8221; alignment=&#8221;center&#8221; onclick=&#8221;custom_link&#8221; css=&#8221;.vc_custom_1608301485625{padding-bottom: 40px !important;}&#8221; link=&#8221;https:\/\/www.bsds.hr\/en\/kontakt\/&#8221; el_class=&#8221;home-padding-bottom&#8221;][vc_column_text]<\/p>\n<h2 class=\"p1\"><a href=\"https:\/\/www.bsds.hr\/en\/kontakt\/\">Contact<\/a><\/h2>\n<p>[\/vc_column_text][vc_empty_space height=&#8221;15px&#8221;][vc_column_text]Are you interested in our services? Please feel free and contact us so we can see how we can help you.[\/vc_column_text][vc_empty_space height=&#8221;15px&#8221;][vc_column_text]<\/p>\n<p class=\"p1\"><strong><a href=\"https:\/\/www.bsds.hr\/en\/kontakt\/\">MORE<\/a><\/strong><\/p>\n<p>[\/vc_column_text][\/vc_column][vc_column width=&#8221;1\/6&#8243;][\/vc_column][\/vc_row][vc_row][vc_column][vc_empty_space][\/vc_column][\/vc_row]<\/p>\n<\/div>","protected":false},"excerpt":{"rendered":"<p>[vc_row row_padding=&#8221;xt-padding-initial&#8221; full_height=&#8221;yes&#8221; css=&#8221;.vc_custom_1589354428747{background-image: url(https:\/\/www.bsds.hr\/wp-content\/uploads\/2020\/04\/home-banner-1.jpg?id=55) !important;background-position: center !important;background-repeat: no-repeat !important;background-size: cover !important;}&#8221; el_class=&#8221;xt-banner mobile-hide&#8221;][vc_column][vc_column_text][\/vc_column_text][vc_column_text el_class=&#8221;xt-scroll mobile-hide&#8221;][\/vc_column_text][\/vc_column][\/vc_row][vc_row row_padding=&#8221;xt-padding-initial&#8221; full_height=&#8221;yes&#8221; css=&#8221;.vc_custom_1589354470187{background-image: url(https:\/\/www.bsds.hr\/wp-content\/uploads\/2020\/05\/mobile-bg.jpg?id=505) !important;background-position: center !important;background-repeat: no-repeat !important;background-size: cover !important;}&#8221; el_class=&#8221;xt-banner desktop-hide&#8221;][vc_column][vc_column_text][\/vc_column_text][vc_column_text el_class=&#8221;xt-scroll mobile-hide&#8221;][\/vc_column_text][\/vc_column][\/vc_row][vc_row row_padding=&#8221;xt-padding-large&#8221; el_id=&#8221;scroll&#8221;][vc_column][vc_column_text el_class=&#8221;xt-large xt-hidden-small&#8221;] WE PROVIDE OUR CLIENTS WITH LEGAL SUPPORT OF THE HIGHEST PROFESSIONAL STANDARDS [\/vc_column_text][\/vc_column][\/vc_row][vc_row row_padding=&#8221;xt-padding-initial&#8221; gap=&#8221;35&#8243; el_class=&#8221;home-about-row title-links&#8221;][vc_column width=&#8221;1\/3&#8243;][vc_single_image image=&#8221;70&#8243; img_size=&#8221;full&#8221; alignment=&#8221;center&#8221; onclick=&#8221;custom_link&#8221; css=&#8221;.vc_custom_1608301447384{padding-bottom: 40px !important;}&#8221; link=&#8221;https:\/\/www.bsds.hr\/en\/o-nama\/&#8221; el_class=&#8221;home-padding-bottom&#8221;][vc_column_text] About us [\/vc_column_text][vc_empty_space height=&#8221;15px&#8221;][vc_column_text]Established in 2011. the Law firm of \u0160kurla, Durmi\u0161 &amp; Spaji\u0107 is one of Croatia\u2019s leading full-service law firms.[\/vc_column_text][vc_empty_space height=&#8221;15px&#8221;][vc_column_text] MORE [\/vc_column_text][vc_empty_space height=&#8221;50px&#8221;][\/vc_column][vc_column width=&#8221;1\/3&#8243;][vc_single_image image=&#8221;78&#8243; img_size=&#8221;full&#8221; alignment=&#8221;center&#8221; onclick=&#8221;custom_link&#8221; css=&#8221;.vc_custom_1608301466590{padding-bottom: 40px !important;}&#8221; link=&#8221;https:\/\/www.bsds.hr\/en\/usluge\/&#8221; el_class=&#8221;home-padding-bottom&#8221;][vc_column_text] Our services [&hellip;]<\/p>\n","protected":false},"author":1,"featured_media":0,"parent":0,"menu_order":0,"comment_status":"closed","ping_status":"closed","template":"","meta":{"_acf_changed":false,"inline_featured_image":false,"footnotes":""},"class_list":["post-385","page","type-page","status-publish","hentry","xt-post"],"acf":[],"_links":{"self":[{"href":"https:\/\/www.bsds.hr\/en\/wp-json\/wp\/v2\/pages\/385","targetHints":{"allow":["GET"]}}],"collection":[{"href":"https:\/\/www.bsds.hr\/en\/wp-json\/wp\/v2\/pages"}],"about":[{"href":"https:\/\/www.bsds.hr\/en\/wp-json\/wp\/v2\/types\/page"}],"author":[{"embeddable":true,"href":"https:\/\/www.bsds.hr\/en\/wp-json\/wp\/v2\/users\/1"}],"replies":[{"embeddable":true,"href":"https:\/\/www.bsds.hr\/en\/wp-json\/wp\/v2\/comments?post=385"}],"version-history":[{"count":43,"href":"https:\/\/www.bsds.hr\/en\/wp-json\/wp\/v2\/pages\/385\/revisions"}],"predecessor-version":[{"id":1683,"href":"https:\/\/www.bsds.hr\/en\/wp-json\/wp\/v2\/pages\/385\/revisions\/1683"}],"wp:attachment":[{"href":"https:\/\/www.bsds.hr\/en\/wp-json\/wp\/v2\/media?parent=385"}],"curies":[{"name":"wp","href":"https:\/\/api.w.org\/{rel}","templated":true}]}}