{"id":381,"date":"2020-04-29T06:31:17","date_gmt":"2020-04-29T06:31:17","guid":{"rendered":"https:\/\/www.bsds.hr\/?page_id=381"},"modified":"2022-12-05T14:39:57","modified_gmt":"2022-12-05T13:39:57","slug":"o-nama","status":"publish","type":"page","link":"https:\/\/www.bsds.hr\/en\/o-nama\/","title":{"rendered":"About us"},"content":{"rendered":"<div class=\"wpb-content-wrapper\"><p>[vc_row row_padding=&#8221;xt-padding-xlarge&#8221;][vc_column offset=&#8221;vc_col-lg-offset-4 vc_col-lg-8&#8243;][vc_single_image image=&#8221;100&#8243; img_size=&#8221;full&#8221; alignment=&#8221;center&#8221; css=&#8221;.vc_custom_1588050876512{margin-bottom: 40px !important;}&#8221;][vc_column_text]<\/p>\n<h1>About us<\/h1>\n<p>[\/vc_column_text][vc_empty_space height=&#8221;30px&#8221;][vc_column_text css=&#8221;.vc_custom_1670247594186{padding-bottom: 20px !important;}&#8221;]<\/p>\n<p class=\"p1\">The Law Firm \u0160kurla, Durmi\u0161 &amp; Spaji\u0107 was established in 2011. The founders of the Firm decided to combine their extensive legal experience to create a new synergy with the formation and work of a modern and flexible law firm. Providing legal services at the highest professional standards is a constant objective of the Firm. The Firm endeavours to continually advance its legal expertise and encourages further professional development for its partners and employees. In its relationships with its clients, the Firm aims to position itself as a reliable adviser working in close cooperation with its clients. The Law Firm is a member of the <a href=\"https:\/\/www.amcham.hr\/\" target=\"_blank\" rel=\"noopener noreferrer\">American Chamber of Commerce in Croatia<\/a>.<\/p>\n<p>[\/vc_column_text][vc_row_inner css=&#8221;.vc_custom_1588050913045{padding-top: 30px !important;padding-bottom: 0px !important;}&#8221;][vc_column_inner width=&#8221;1\/2&#8243; css=&#8221;.vc_custom_1588051018976{padding-left: 0px !important;}&#8221;][vc_single_image image=&#8221;108&#8243; img_size=&#8221;full&#8221; alignment=&#8221;center&#8221; css=&#8221;.vc_custom_1588050982295{margin-bottom: 40px !important;}&#8221;][vc_empty_space height=&#8221;30px&#8221;][\/vc_column_inner][vc_column_inner width=&#8221;1\/2&#8243; css=&#8221;.vc_custom_1588051023694{padding-right: 0px !important;}&#8221;][vc_single_image image=&#8221;106&#8243; img_size=&#8221;full&#8221; alignment=&#8221;center&#8221; css=&#8221;.vc_custom_1588050988112{margin-bottom: 40px !important;}&#8221;][vc_empty_space height=&#8221;30px&#8221;][\/vc_column_inner][\/vc_row_inner][vc_column_text]<\/p>\n<h3 class=\"p1\">Company details<\/h3>\n<p>[\/vc_column_text][vc_empty_space height=&#8221;30px&#8221;][vc_column_text]<\/p>\n<p class=\"p1\"><strong>Firm:<\/strong> <span class=\"s1\"><br \/>\n<\/span>LAW FIRM \u0160KURLA, DURMI\u0160 &amp; SPAJI\u0106 Ltd.<span class=\"s1\"><br \/>\n<\/span><strong>Seat:<\/strong> <span class=\"s1\"><br \/>\n<\/span>Preradovi\u0107eva 24, 10000 Zagreb, Croatia<span class=\"s1\"><br \/>\n<\/span><strong>Board Directors:<\/strong> <span class=\"s1\"><br \/>\n<\/span>Branimir \u0160kurla, Goran Durmi\u0161 i Hrvoje Spaji\u0107<b><br \/>\n<\/b><strong>Share Capital:<\/strong> <span class=\"s1\"><br \/>\n<\/span>700.000,00 HRK, paid in full<b><br \/>\n<\/b><strong>Court register and registration number:<\/strong> <span class=\"s1\"><br \/>\n<\/span>Commercial Court in Zagreb, Reg. No. 080756109<span class=\"s1\"><br \/>\n<\/span><strong>Personal Identification Number:<\/strong><span class=\"s1\"><br \/>\n<\/span>68178969783<span class=\"s1\"><br \/>\n<\/span><strong>Bank Account (HRK):<\/strong> <span class=\"s1\"><br \/>\n<\/span>Erste &amp; Steierm\u00e4rkische Bank d.d. Rijeka IBAN HR4824020061100592689<br \/>\nHrvatska po\u0161tanska banka d.d. Zagreb IBAN HR3023900011100970962<br \/>\nZagreba\u010dka banka d.d. Zagreb IBAN HR7223600001102520086<\/p>\n<p>[\/vc_column_text][vc_empty_space height=&#8221;30px&#8221;][\/vc_column][\/vc_row]<\/p>\n<\/div>","protected":false},"excerpt":{"rendered":"<p>[vc_row row_padding=&#8221;xt-padding-xlarge&#8221;][vc_column offset=&#8221;vc_col-lg-offset-4 vc_col-lg-8&#8243;][vc_single_image image=&#8221;100&#8243; img_size=&#8221;full&#8221; alignment=&#8221;center&#8221; css=&#8221;.vc_custom_1588050876512{margin-bottom: 40px !important;}&#8221;][vc_column_text] About us [\/vc_column_text][vc_empty_space height=&#8221;30px&#8221;][vc_column_text css=&#8221;.vc_custom_1670247594186{padding-bottom: 20px !important;}&#8221;] The Law Firm \u0160kurla, Durmi\u0161 &amp; Spaji\u0107 was established in 2011. The founders of the Firm decided to combine their extensive legal experience to create a new synergy with the formation and work of a modern and flexible law firm. Providing legal services at the highest professional standards is a constant objective of the Firm. The Firm endeavours to continually advance its legal expertise and encourages further professional development for its partners and employees. In its relationships with its clients, the Firm aims [&hellip;]<\/p>\n","protected":false},"author":1,"featured_media":0,"parent":0,"menu_order":0,"comment_status":"closed","ping_status":"closed","template":"","meta":{"_acf_changed":false,"inline_featured_image":false,"footnotes":""},"class_list":["post-381","page","type-page","status-publish","hentry","xt-post"],"acf":[],"_links":{"self":[{"href":"https:\/\/www.bsds.hr\/en\/wp-json\/wp\/v2\/pages\/381","targetHints":{"allow":["GET"]}}],"collection":[{"href":"https:\/\/www.bsds.hr\/en\/wp-json\/wp\/v2\/pages"}],"about":[{"href":"https:\/\/www.bsds.hr\/en\/wp-json\/wp\/v2\/types\/page"}],"author":[{"embeddable":true,"href":"https:\/\/www.bsds.hr\/en\/wp-json\/wp\/v2\/users\/1"}],"replies":[{"embeddable":true,"href":"https:\/\/www.bsds.hr\/en\/wp-json\/wp\/v2\/comments?post=381"}],"version-history":[{"count":14,"href":"https:\/\/www.bsds.hr\/en\/wp-json\/wp\/v2\/pages\/381\/revisions"}],"predecessor-version":[{"id":1662,"href":"https:\/\/www.bsds.hr\/en\/wp-json\/wp\/v2\/pages\/381\/revisions\/1662"}],"wp:attachment":[{"href":"https:\/\/www.bsds.hr\/en\/wp-json\/wp\/v2\/media?parent=381"}],"curies":[{"name":"wp","href":"https:\/\/api.w.org\/{rel}","templated":true}]}}