{"id":311,"date":"2020-04-28T08:56:46","date_gmt":"2020-04-28T08:56:46","guid":{"rendered":"https:\/\/www.bsds.hr\/?page_id=311"},"modified":"2020-05-27T07:42:00","modified_gmt":"2020-05-27T07:42:00","slug":"news","status":"publish","type":"page","link":"https:\/\/www.bsds.hr\/en\/news\/","title":{"rendered":"News"},"content":{"rendered":"<div class=\"wpb-content-wrapper\"><p>[vc_row row_padding=&#8221;xt-padding-xlarge&#8221; css=&#8221;.vc_custom_1588067557539{padding-bottom: 0px !important;}&#8221;][vc_column][vc_column_text]<\/p>\n<h1>News<\/h1>\n<p>[\/vc_column_text][\/vc_column][\/vc_row][vc_row row_padding=&#8221;xt-padding-large&#8221; css=&#8221;.vc_custom_1588068467587{padding-top: 20px !important;}&#8221;][vc_column]<div class=\"news-box post\"><div class=\"news-box__item\"><div class=\"inner\"><div class=\"xt-blog-grid-item-image\"><a href=\"https:\/\/www.bsds.hr\/en\/law-firm-skurla-durmis-i-spajic-ltd-bsds-internship-program-2023\/\"><img decoding=\"async\" src=\"https:\/\/www.bsds.hr\/wp-content\/uploads\/2023\/07\/bsds-tabla-mala-638x638.jpg\" alt=\"\"\/><\/a><\/div><div class=\"content\"><div class=\"xt-blog-grid-item-title\"><a href=\"https:\/\/www.bsds.hr\/en\/law-firm-skurla-durmis-i-spajic-ltd-bsds-internship-program-2023\/\"><h4 class=\"news-box__title\">Law firm \u0160kurla, Durmi\u0161 i Spaji\u0107 Ltd (B\u0160DS) &#8211; Internship Program 2023<\/h4><\/a><\/div><div class=\"news-box__description\"><p>Dear students, future colleagues, it is our great privilege to present you the B\u0160DS Internship Program 2023! Law firm \u0160kurla, Durmi\u0161<\/p>\n<\/div><\/div><\/div><\/div><div class=\"news-box__item\"><div class=\"inner\"><div class=\"xt-blog-grid-item-image\"><a href=\"https:\/\/www.bsds.hr\/en\/bsds-at-the-61st-meeting-of-jurists-in-opatija\/\"><img decoding=\"async\" src=\"https:\/\/www.bsds.hr\/wp-content\/uploads\/2023\/07\/slika-5-mala-638x638.jpg\" alt=\"\"\/><\/a><\/div><div class=\"content\"><div class=\"xt-blog-grid-item-title\"><a href=\"https:\/\/www.bsds.hr\/en\/bsds-at-the-61st-meeting-of-jurists-in-opatija\/\"><h4 class=\"news-box__title\">B\u0160DS at the 61st meeting of jurists in Opatija<\/h4><\/a><\/div><div class=\"news-box__description\"><p>Our lawyer Dinka Glavini\u0107 participated in the 61st meeting of jurists in Opatija. The issue of share capital renomination and the Regulation on compensation for the use of<\/p>\n<\/div><\/div><\/div><\/div><div class=\"news-box__item\"><div class=\"inner\"><div class=\"xt-blog-grid-item-image\"><a href=\"https:\/\/www.bsds.hr\/en\/bsds-at-the-consultation-on-personal-data-protection-5-years-of-gdpr-implementation-problems-solutions-penalties-and-examples-of-good-practice\/\"><img decoding=\"async\" src=\"https:\/\/www.bsds.hr\/wp-content\/uploads\/2023\/07\/sudionici2_64551b72bc5b2-mala-638x638.jpg\" alt=\"\"\/><\/a><\/div><div class=\"content\"><div class=\"xt-blog-grid-item-title\"><a href=\"https:\/\/www.bsds.hr\/en\/bsds-at-the-consultation-on-personal-data-protection-5-years-of-gdpr-implementation-problems-solutions-penalties-and-examples-of-good-practice\/\"><h4 class=\"news-box__title\">B\u0160DS at the Consultation on Personal Data Protection &#8211; &#8216;5 years of GDPR implementation: problems, solutions, penalties and examples of good practice&#8217;<\/h4><\/a><\/div><div class=\"news-box__description\"><p>Our lawyer Mia Jaj\u010dinovi\u0107 participated in the Consultation on the General Data Protection Regulation, which<\/p>\n<\/div><\/div><\/div><\/div><div class=\"news-box__item\"><div class=\"inner\"><div class=\"xt-blog-grid-item-image\"><a href=\"https:\/\/www.bsds.hr\/en\/new-member-of-bsds-team-who-passed-the-bar-exam-with-honours\/\"><img decoding=\"async\" src=\"https:\/\/www.bsds.hr\/wp-content\/uploads\/2023\/07\/fotka-josipa-mala-638x638.jpg\" alt=\"\"\/><\/a><\/div><div class=\"content\"><div class=\"xt-blog-grid-item-title\"><a href=\"https:\/\/www.bsds.hr\/en\/new-member-of-bsds-team-who-passed-the-bar-exam-with-honours\/\"><h4 class=\"news-box__title\">New member of B\u0160DS team who passed the bar exam with honours!<\/h4><\/a><\/div><div class=\"news-box__description\"><p>It is our great pleasure to announce that our Josipa Babi\u0107 passed the bar exam with honours! Josipa is an extremely important member<\/p>\n<\/div><\/div><\/div><\/div><div class=\"news-box__item\"><div class=\"inner\"><div class=\"xt-blog-grid-item-image\"><a href=\"https:\/\/www.bsds.hr\/en\/new-member-of-bsds-team-rudolf-tomasinec\/\"><img decoding=\"async\" src=\"https:\/\/www.bsds.hr\/wp-content\/uploads\/2023\/06\/rudolf-tomasinec-mala-2023-638x638.jpg\" alt=\"\"\/><\/a><\/div><div class=\"content\"><div class=\"xt-blog-grid-item-title\"><a href=\"https:\/\/www.bsds.hr\/en\/new-member-of-bsds-team-rudolf-tomasinec\/\"><h4 class=\"news-box__title\">New member of B\u0160DS team &#8211; Rudolf Toma\u0161inec<\/h4><\/a><\/div><div class=\"news-box__description\"><p>We are extremely pleased to announce that we have strengthened our B\u0160DS team with another colleague &#8211; Rudolf Toma\u0161inec. Rudolf graduated from the Faculty of Law of the University<\/p>\n<\/div><\/div><\/div><\/div><div class=\"news-box__item\"><div class=\"inner\"><div class=\"xt-blog-grid-item-image\"><a href=\"https:\/\/www.bsds.hr\/en\/suspension-of-enforcement-and-bankruptcy-procedures-in-croatia-as-a-response-to-covid-19-economic-turmoil\/\"><img decoding=\"async\" src=\"https:\/\/www.bsds.hr\/wp-content\/uploads\/2020\/05\/novost-04-mala-638x638.jpg\" alt=\"\"\/><\/a><\/div><div class=\"content\"><div class=\"xt-blog-grid-item-title\"><a href=\"https:\/\/www.bsds.hr\/en\/suspension-of-enforcement-and-bankruptcy-procedures-in-croatia-as-a-response-to-covid-19-economic-turmoil\/\"><h4 class=\"news-box__title\">Suspension of enforcement and bankruptcy procedures in Croatia as a response to COVID-19 economic turmoil<\/h4><\/a><\/div><div class=\"news-box__description\"><p>A special act suspending the enforcement and bankruptcy procedures for a period of at least three months entered into force on 1<\/p>\n<\/div><\/div><\/div><\/div><div class=\"xt-pagination\"><span aria-current=\"page\" class=\"page-numbers current\">1<\/span>\n<a class=\"page-numbers\" href=\"https:\/\/www.bsds.hr\/en\/wp-json\/wp\/v2\/pages\/311\/\/page\/2\">2<\/a>\n<a class=\"next page-numbers\" href=\"https:\/\/www.bsds.hr\/en\/wp-json\/wp\/v2\/pages\/311\/\/page\/2\">next \u00bb<\/a><\/div><\/div>[\/vc_column][\/vc_row]<\/p>\n<\/div>","protected":false},"excerpt":{"rendered":"<p>[vc_row row_padding=&#8221;xt-padding-xlarge&#8221; css=&#8221;.vc_custom_1588067557539{padding-bottom: 0px !important;}&#8221;][vc_column][vc_column_text] News [\/vc_column_text][\/vc_column][\/vc_row][vc_row row_padding=&#8221;xt-padding-large&#8221; css=&#8221;.vc_custom_1588068467587{padding-top: 20px !important;}&#8221;][vc_column][\/vc_column][\/vc_row]<\/p>\n","protected":false},"author":1,"featured_media":0,"parent":0,"menu_order":0,"comment_status":"closed","ping_status":"closed","template":"","meta":{"_acf_changed":false,"inline_featured_image":false,"footnotes":""},"class_list":["post-311","page","type-page","status-publish","hentry","xt-post"],"acf":[],"_links":{"self":[{"href":"https:\/\/www.bsds.hr\/en\/wp-json\/wp\/v2\/pages\/311","targetHints":{"allow":["GET"]}}],"collection":[{"href":"https:\/\/www.bsds.hr\/en\/wp-json\/wp\/v2\/pages"}],"about":[{"href":"https:\/\/www.bsds.hr\/en\/wp-json\/wp\/v2\/types\/page"}],"author":[{"embeddable":true,"href":"https:\/\/www.bsds.hr\/en\/wp-json\/wp\/v2\/users\/1"}],"replies":[{"embeddable":true,"href":"https:\/\/www.bsds.hr\/en\/wp-json\/wp\/v2\/comments?post=311"}],"version-history":[{"count":3,"href":"https:\/\/www.bsds.hr\/en\/wp-json\/wp\/v2\/pages\/311\/revisions"}],"predecessor-version":[{"id":1101,"href":"https:\/\/www.bsds.hr\/en\/wp-json\/wp\/v2\/pages\/311\/revisions\/1101"}],"wp:attachment":[{"href":"https:\/\/www.bsds.hr\/en\/wp-json\/wp\/v2\/media?parent=311"}],"curies":[{"name":"wp","href":"https:\/\/api.w.org\/{rel}","templated":true}]}}